{"id":1948,"date":"2020-10-14T08:49:12","date_gmt":"2020-10-14T08:49:12","guid":{"rendered":"https:\/\/baby-me.nl\/product\/baume-dallaitement-et-de-soins-bio\/"},"modified":"2023-05-31T11:38:55","modified_gmt":"2023-05-31T11:38:55","slug":"biologische-balsem","status":"publish","type":"product","link":"https:\/\/baby-me.nl\/fr\/produit\/biologische-balsem\/","title":{"rendered":"Baume d&rsquo;allaitement et de soins Bio"},"content":{"rendered":"<p>Le baume d\u2019allaitement BIO Lansinoh est un produit naturel \u00e0 base de plantes pour pr\u00e9parer les seins \u00e0 l\u2019allaitement en les massant et prendre soin de la peau s\u00e8che qui tiraille mais aussi pour prot\u00e9ger et enrichir la peau d\u00e9licate de b\u00e9b\u00e9.<\/p>\n<p>Quand utiliser le baume ?<\/p>\n<p>&#8211; Pendant la grossesse pour prendre soin des seins et garder la peau douce et souple afin qu&rsquo;elle reste bien hydrat\u00e9e. Le baume peut \u00e9galement \u00eatre utilis\u00e9 pour les peaux irrit\u00e9es ou pour pr\u00e9venir les vergetures.<\/p>\n<p>&#8211; D\u00e8s la naissance, le baume bio peut \u00eatre utilis\u00e9 pour prendre soin des mamelons et de la peau de b\u00e9b\u00e9 (visage, corps, fesses).<br \/>\nParce que le baume est inodore et insipide, il peut \u00eatre utilis\u00e9 en toute s\u00e9curit\u00e9 chez la maman et chez le b\u00e9b\u00e9.<\/p>\n<p>Le baume ne contient aucun additif ni conservateur autre que des ingr\u00e9dients naturels. Ni de l&rsquo;eau (pas de propagation de bact\u00e9ries, formule non dilu\u00e9e).<\/p>\n<p>Le baume Lansinoh aide \u00e0 r\u00e9tablir l&rsquo;\u00e9quilibre naturel de la peau pendant l&rsquo;allaitement.<\/p>\n<p>Pot de 60 ml<\/p>\n<p>&nbsp;<\/p>\n","protected":false},"excerpt":{"rendered":"<p>Le Baume Allaitement BIO Lansinoh vous permet de vous familiariser avec vos seins et de les masser en vue de l\u2019allaitement. On peut \u00e9galement l\u2019utiliser apr\u00e8s l&rsquo;accouchement pour continuer \u00e0 nourrir la peau de la maman et du b\u00e9b\u00e9.<\/p>\n","protected":false},"featured_media":1912,"comment_status":"open","ping_status":"closed","template":"","meta":{"site-sidebar-layout":"default","site-content-layout":"default","ast-site-content-layout":"default","site-content-style":"default","site-sidebar-style":"default","ast-global-header-display":"","ast-banner-title-visibility":"","ast-main-header-display":"","ast-hfb-above-header-display":"","ast-hfb-below-header-display":"","ast-hfb-mobile-header-display":"","site-post-title":"","ast-breadcrumbs-content":"","ast-featured-img":"","footer-sml-layout":"","ast-disable-related-posts":"","theme-transparent-header-meta":"default","adv-header-id-meta":"","stick-header-meta":"default","header-above-stick-meta":"","header-main-stick-meta":"","header-below-stick-meta":"","astra-migrate-meta-layouts":"default","ast-page-background-enabled":"default","ast-page-background-meta":{"desktop":{"background-color":"","background-image":"","background-repeat":"repeat","background-position":"center center","background-size":"auto","background-attachment":"scroll","background-type":"","background-media":"","overlay-type":"","overlay-color":"","overlay-opacity":"","overlay-gradient":""},"tablet":{"background-color":"","background-image":"","background-repeat":"repeat","background-position":"center center","background-size":"auto","background-attachment":"scroll","background-type":"","background-media":"","overlay-type":"","overlay-color":"","overlay-opacity":"","overlay-gradient":""},"mobile":{"background-color":"","background-image":"","background-repeat":"repeat","background-position":"center center","background-size":"auto","background-attachment":"scroll","background-type":"","background-media":"","overlay-type":"","overlay-color":"","overlay-opacity":"","overlay-gradient":""}},"ast-content-background-meta":{"desktop":{"background-color":"var(--ast-global-color-5)","background-image":"","background-repeat":"repeat","background-position":"center center","background-size":"auto","background-attachment":"scroll","background-type":"","background-media":"","overlay-type":"","overlay-color":"","overlay-opacity":"","overlay-gradient":""},"tablet":{"background-color":"var(--ast-global-color-5)","background-image":"","background-repeat":"repeat","background-position":"center center","background-size":"auto","background-attachment":"scroll","background-type":"","background-media":"","overlay-type":"","overlay-color":"","overlay-opacity":"","overlay-gradient":""},"mobile":{"background-color":"var(--ast-global-color-5)","background-image":"","background-repeat":"repeat","background-position":"center center","background-size":"auto","background-attachment":"scroll","background-type":"","background-media":"","overlay-type":"","overlay-color":"","overlay-opacity":"","overlay-gradient":""}}},"product_brand":[],"product_cat":[59],"product_tag":[64],"class_list":{"0":"post-1948","1":"product","2":"type-product","3":"status-publish","4":"has-post-thumbnail","6":"product_cat-allaitement","7":"product_tag-baume-bio","8":"product_shipping_class-colis-postal-jusqua-10-kg","9":"desktop-align-left","10":"tablet-align-left","11":"mobile-align-left","12":"ast-product-gallery-layout-horizontal-slider","13":"ast-product-tabs-layout-horizontal","15":"first","16":"instock","17":"shipping-taxable","18":"purchasable","19":"product-type-simple"},"_links":{"self":[{"href":"https:\/\/baby-me.nl\/fr\/wp-json\/wp\/v2\/product\/1948","targetHints":{"allow":["GET"]}}],"collection":[{"href":"https:\/\/baby-me.nl\/fr\/wp-json\/wp\/v2\/product"}],"about":[{"href":"https:\/\/baby-me.nl\/fr\/wp-json\/wp\/v2\/types\/product"}],"replies":[{"embeddable":true,"href":"https:\/\/baby-me.nl\/fr\/wp-json\/wp\/v2\/comments?post=1948"}],"wp:featuredmedia":[{"embeddable":true,"href":"https:\/\/baby-me.nl\/fr\/wp-json\/wp\/v2\/media\/1912"}],"wp:attachment":[{"href":"https:\/\/baby-me.nl\/fr\/wp-json\/wp\/v2\/media?parent=1948"}],"wp:term":[{"taxonomy":"product_brand","embeddable":true,"href":"https:\/\/baby-me.nl\/fr\/wp-json\/wp\/v2\/product_brand?post=1948"},{"taxonomy":"product_cat","embeddable":true,"href":"https:\/\/baby-me.nl\/fr\/wp-json\/wp\/v2\/product_cat?post=1948"},{"taxonomy":"product_tag","embeddable":true,"href":"https:\/\/baby-me.nl\/fr\/wp-json\/wp\/v2\/product_tag?post=1948"}],"curies":[{"name":"wp","href":"https:\/\/api.w.org\/{rel}","templated":true}]}}