{"id":1949,"date":"2020-11-23T09:58:36","date_gmt":"2020-11-23T09:58:36","guid":{"rendered":"https:\/\/baby-me.nl\/product\/tire-lait-de-location-smart-pump-2-0\/"},"modified":"2023-05-30T15:49:02","modified_gmt":"2023-05-30T15:49:02","slug":"location-flask-smartpump-2-0-by-lansinoh","status":"publish","type":"product","link":"https:\/\/baby-me.nl\/fr\/produit\/location-flask-smartpump-2-0-by-lansinoh\/","title":{"rendered":"TIRE-LAIT DE LOCATION SMART PUMP"},"content":{"rendered":"<p><strong><img fetchpriority=\"high\" decoding=\"async\" class=\"alignnone size-medium wp-image-1527\" src=\"https:\/\/baby-me.nl\/wp-content\/uploads\/2020\/11\/Smart-Pump-300x300.webp\" alt=\"\" width=\"300\" height=\"300\" srcset=\"https:\/\/baby-me.nl\/wp-content\/uploads\/2020\/11\/Smart-Pump-300x300.webp 300w, https:\/\/baby-me.nl\/wp-content\/uploads\/2020\/11\/Smart-Pump-150x150.webp 150w, https:\/\/baby-me.nl\/wp-content\/uploads\/2020\/11\/Smart-Pump-100x100.webp 100w, https:\/\/baby-me.nl\/wp-content\/uploads\/2020\/11\/Smart-Pump.webp 500w\" sizes=\"(max-width: 300px) 100vw, 300px\" \/> TIRE-LAIT DE LOCATION SMART PUMP\u00a0<\/strong><\/p>\n<ul>\n<li>Efficace : syst\u00e8me \u00e0 2 phases (phase de stimulation et phase d&rsquo;expression), 3 niveaux de vitesse de pompage et 9 niveaux de puissance.<\/li>\n<li>Une puissance de 280 mmHg<\/li>\n<li>Compatible avec l&rsquo;application Lansinoh Baby disponible sur Android et Apple Store qui fait en sorte que toutes les donn\u00e9es soient directement enregistr\u00e9es sur votre t\u00e9l\u00e9phone.<\/li>\n<li>Syst\u00e8me ferm\u00e9 pour que le lait ne passe pas dans les tuyaux<\/li>\n<li>Compact et pratique : poids net de 600gr<\/li>\n<li>Fonctionne sur piles ou sur secteur. Niveau sonore de seulement 37 d\u00e9cibels<\/li>\n<\/ul>\n<p><strong>La location:<\/strong><\/p>\n<ul>\n<li>Vous pouvez venir chercher ou restituer le tire-lait 7 jours sur 7 apr\u00e8s rendez-vous t\u00e9l\u00e9phonique.<\/li>\n<li>Les sets doivent \u00eatre achet\u00e9s et peuvent \u00eatre utilis\u00e9s \u00e0 votre disposition.<\/li>\n<li>Chaque set contient deux tailles de t\u00e9terelles Comfort Fit (1 x 25 mm et 1 x 30,5 mm).<\/li>\n<li>NOUVEAU! T\u00e9terelles Comfort Fit disponibles en taille 21 mm, 28 mm et 36 mm.<\/li>\n<li>Les sets de tire-lait s&rsquo;adaptent \u00e0 n&rsquo;importe quel autre tire-lait Lansinoh.<\/li>\n<li>Le tire-lait doit \u00eatre retourn\u00e9 propre, complet et dans son emballage d&rsquo;origine.<\/li>\n<\/ul>\n<p><strong>Co\u00fbt:<\/strong><\/p>\n<ul>\n<li>Caution : \u20ac100.00<\/li>\n<li>Location par jour : \u20ac2,50<\/li>\n<li>Location par mois : \u20ac70<\/li>\n<li>Set (pour un sein) : \u20ac17,50 (avec t\u00e9terelles comprises tailles 25mm et 30,5mm)<\/li>\n<li>T\u00e9terelles Comfort Fit (taille 21mm, 28mm ou 36mm) : \u20ac12.50<\/li>\n<\/ul>\n","protected":false},"excerpt":{"rendered":"<p>&#8211; Si vous souhaitez <strong>louer<\/strong> un tire-lait, merci de me contacter directement au <a href=\"TEL:0031630761911\">06 307 61 911<\/a><\/p>\n<p><strong>Frais de location:<\/strong><\/p>\n<ul>\n<li><span style=\"font-size: 16px;\">Caution : \u20ac100.00<\/span><\/li>\n<li>Location par jour : \u20ac2,50<\/li>\n<li>Location par mois : \u20ac70<\/li>\n<li>Set (pour un sein) : \u20ac17,50 (avec t\u00e9terelles comprises tailles 25mm et 30,5mm)<\/li>\n<li>T\u00e9terelles Comfort Fit (taille 21mm, 28mm ou 36mm) : \u20ac12.50<\/li>\n<\/ul>\n<p>&#8211; Si vous souhaitez <strong>louer ou acheter<\/strong> un Smart Pump en tant que professionnel, veuillez me contacter pour un devis personnalis\u00e9 et des informations suppl\u00e9mentaires.<\/p>\n<p>&nbsp;<\/p>\n<p>&nbsp;<\/p>\n<p>&nbsp;<\/p>\n","protected":false},"featured_media":1869,"comment_status":"open","ping_status":"closed","template":"","meta":{"site-sidebar-layout":"default","site-content-layout":"default","ast-site-content-layout":"default","site-content-style":"default","site-sidebar-style":"default","ast-global-header-display":"","ast-banner-title-visibility":"","ast-main-header-display":"","ast-hfb-above-header-display":"","ast-hfb-below-header-display":"","ast-hfb-mobile-header-display":"","site-post-title":"","ast-breadcrumbs-content":"","ast-featured-img":"","footer-sml-layout":"","ast-disable-related-posts":"","theme-transparent-header-meta":"default","adv-header-id-meta":"","stick-header-meta":"default","header-above-stick-meta":"","header-main-stick-meta":"","header-below-stick-meta":"","astra-migrate-meta-layouts":"default","ast-page-background-enabled":"default","ast-page-background-meta":{"desktop":{"background-color":"","background-image":"","background-repeat":"repeat","background-position":"center center","background-size":"auto","background-attachment":"scroll","background-type":"","background-media":"","overlay-type":"","overlay-color":"","overlay-opacity":"","overlay-gradient":""},"tablet":{"background-color":"","background-image":"","background-repeat":"repeat","background-position":"center center","background-size":"auto","background-attachment":"scroll","background-type":"","background-media":"","overlay-type":"","overlay-color":"","overlay-opacity":"","overlay-gradient":""},"mobile":{"background-color":"","background-image":"","background-repeat":"repeat","background-position":"center center","background-size":"auto","background-attachment":"scroll","background-type":"","background-media":"","overlay-type":"","overlay-color":"","overlay-opacity":"","overlay-gradient":""}},"ast-content-background-meta":{"desktop":{"background-color":"var(--ast-global-color-5)","background-image":"","background-repeat":"repeat","background-position":"center center","background-size":"auto","background-attachment":"scroll","background-type":"","background-media":"","overlay-type":"","overlay-color":"","overlay-opacity":"","overlay-gradient":""},"tablet":{"background-color":"var(--ast-global-color-5)","background-image":"","background-repeat":"repeat","background-position":"center center","background-size":"auto","background-attachment":"scroll","background-type":"","background-media":"","overlay-type":"","overlay-color":"","overlay-opacity":"","overlay-gradient":""},"mobile":{"background-color":"var(--ast-global-color-5)","background-image":"","background-repeat":"repeat","background-position":"center center","background-size":"auto","background-attachment":"scroll","background-type":"","background-media":"","overlay-type":"","overlay-color":"","overlay-opacity":"","overlay-gradient":""}}},"product_brand":[],"product_cat":[59],"product_tag":[68],"class_list":{"0":"post-1949","1":"product","2":"type-product","3":"status-publish","4":"has-post-thumbnail","6":"product_cat-allaitement","7":"product_tag-flacon-verre-lansinoh-240ml-fr","8":"desktop-align-left","9":"tablet-align-left","10":"mobile-align-left","11":"ast-product-gallery-layout-horizontal-slider","12":"ast-product-tabs-layout-horizontal","14":"first","15":"instock","16":"shipping-taxable","17":"product-type-simple"},"_links":{"self":[{"href":"https:\/\/baby-me.nl\/fr\/wp-json\/wp\/v2\/product\/1949","targetHints":{"allow":["GET"]}}],"collection":[{"href":"https:\/\/baby-me.nl\/fr\/wp-json\/wp\/v2\/product"}],"about":[{"href":"https:\/\/baby-me.nl\/fr\/wp-json\/wp\/v2\/types\/product"}],"replies":[{"embeddable":true,"href":"https:\/\/baby-me.nl\/fr\/wp-json\/wp\/v2\/comments?post=1949"}],"wp:featuredmedia":[{"embeddable":true,"href":"https:\/\/baby-me.nl\/fr\/wp-json\/wp\/v2\/media\/1869"}],"wp:attachment":[{"href":"https:\/\/baby-me.nl\/fr\/wp-json\/wp\/v2\/media?parent=1949"}],"wp:term":[{"taxonomy":"product_brand","embeddable":true,"href":"https:\/\/baby-me.nl\/fr\/wp-json\/wp\/v2\/product_brand?post=1949"},{"taxonomy":"product_cat","embeddable":true,"href":"https:\/\/baby-me.nl\/fr\/wp-json\/wp\/v2\/product_cat?post=1949"},{"taxonomy":"product_tag","embeddable":true,"href":"https:\/\/baby-me.nl\/fr\/wp-json\/wp\/v2\/product_tag?post=1949"}],"curies":[{"name":"wp","href":"https:\/\/api.w.org\/{rel}","templated":true}]}}