{"id":1952,"date":"2021-04-05T16:04:11","date_gmt":"2021-04-05T16:04:11","guid":{"rendered":"https:\/\/baby-me.nl\/product\/lansinoh-natural-wave-flacon-160ml\/"},"modified":"2023-05-31T11:39:47","modified_gmt":"2023-05-31T11:39:47","slug":"lansinoh-bouteille-vague-naturelle-160ml","status":"publish","type":"product","link":"https:\/\/baby-me.nl\/fr\/produit\/lansinoh-bouteille-vague-naturelle-160ml\/","title":{"rendered":"Biberon plastique avec t\u00e9tine Natural Wave\u00ae(S) sp\u00e9cial allaitement 160ml"},"content":{"rendered":"<p>Le biberon Lansinoh\u00ae et sa t\u00e9tine p\u00e9ristaltique NaturalWave\u00ae sont sp\u00e9cialement con\u00e7us pour les b\u00e9b\u00e9s nourris au sein.<\/p>\n<p><strong>Un design unique<\/strong><br \/>\nUn design unique avec inclinaison progressive qui favorise le mouvement p\u00e9ristaltique fluide de la langue.<\/p>\n<p><strong>Souple et extensible<\/strong><br \/>\nLes bandes verticales renforcent la structure de la t\u00e9tine et lui permettent de r\u00e9sister aux mouvements de la langue tout en restant souple et agr\u00e9able pour le b\u00e9b\u00e9.<\/p>\n<p><strong>T\u00e9tine tr\u00e8s douce, 100% silicone<\/strong><br \/>\nLa base large et textur\u00e9e de la t\u00e9tine permet une prise facile et une succion efficace.<\/p>\n<p><strong>Syst\u00e8me AVS<\/strong><br \/>\nLe syst\u00e8me d&rsquo;Air Ventilation System\u00ae r\u00e9duit la quantit\u00e9 d&rsquo;air aval\u00e9, et r\u00e9duit ainsi l\u2019apparition de gaz et les sympt\u00f4mes couramment associ\u00e9s aux coliques fr\u00e9quentes des b\u00e9b\u00e9s.<\/p>\n<p><strong>Carast\u00e9ristiques:<\/strong><\/p>\n<ul>\n<li>Volume : 160 ml<\/li>\n<li>Sans BPA ni BPS<\/li>\n<li>Facile \u00e0 nettoyer<\/li>\n<li>Compatible avec tous les produits Lansinoh<\/li>\n<li>Fournie avec la t\u00e9tine Natural Wave S (100% silicone)<\/li>\n<li>La t\u00e9tine existe aussi en taille M (d\u00e9bit moyen) ou taille L (d\u00e9bit rapide)<\/li>\n<\/ul>\n","protected":false},"excerpt":{"rendered":"<p>Un biberon avec une t\u00e9tine sp\u00e9ciale, sp\u00e9cialement con\u00e7ue pour encourager les mouvements naturels de succion du b\u00e9b\u00e9 au sein.<\/p>\n","protected":false},"featured_media":1899,"comment_status":"open","ping_status":"closed","template":"","meta":{"site-sidebar-layout":"default","site-content-layout":"default","ast-site-content-layout":"default","site-content-style":"default","site-sidebar-style":"default","ast-global-header-display":"","ast-banner-title-visibility":"","ast-main-header-display":"","ast-hfb-above-header-display":"","ast-hfb-below-header-display":"","ast-hfb-mobile-header-display":"","site-post-title":"","ast-breadcrumbs-content":"","ast-featured-img":"","footer-sml-layout":"","ast-disable-related-posts":"","theme-transparent-header-meta":"default","adv-header-id-meta":"","stick-header-meta":"default","header-above-stick-meta":"","header-main-stick-meta":"","header-below-stick-meta":"","astra-migrate-meta-layouts":"default","ast-page-background-enabled":"default","ast-page-background-meta":{"desktop":{"background-color":"","background-image":"","background-repeat":"repeat","background-position":"center center","background-size":"auto","background-attachment":"scroll","background-type":"","background-media":"","overlay-type":"","overlay-color":"","overlay-opacity":"","overlay-gradient":""},"tablet":{"background-color":"","background-image":"","background-repeat":"repeat","background-position":"center center","background-size":"auto","background-attachment":"scroll","background-type":"","background-media":"","overlay-type":"","overlay-color":"","overlay-opacity":"","overlay-gradient":""},"mobile":{"background-color":"","background-image":"","background-repeat":"repeat","background-position":"center center","background-size":"auto","background-attachment":"scroll","background-type":"","background-media":"","overlay-type":"","overlay-color":"","overlay-opacity":"","overlay-gradient":""}},"ast-content-background-meta":{"desktop":{"background-color":"var(--ast-global-color-5)","background-image":"","background-repeat":"repeat","background-position":"center center","background-size":"auto","background-attachment":"scroll","background-type":"","background-media":"","overlay-type":"","overlay-color":"","overlay-opacity":"","overlay-gradient":""},"tablet":{"background-color":"var(--ast-global-color-5)","background-image":"","background-repeat":"repeat","background-position":"center center","background-size":"auto","background-attachment":"scroll","background-type":"","background-media":"","overlay-type":"","overlay-color":"","overlay-opacity":"","overlay-gradient":""},"mobile":{"background-color":"var(--ast-global-color-5)","background-image":"","background-repeat":"repeat","background-position":"center center","background-size":"auto","background-attachment":"scroll","background-type":"","background-media":"","overlay-type":"","overlay-color":"","overlay-opacity":"","overlay-gradient":""}}},"product_brand":[],"product_cat":[62],"product_tag":[],"class_list":{"0":"post-1952","1":"product","2":"type-product","3":"status-publish","4":"has-post-thumbnail","6":"product_cat-biberon","7":"product_shipping_class-colis-postal-jusqua-10-kg","8":"desktop-align-left","9":"tablet-align-left","10":"mobile-align-left","11":"ast-product-gallery-layout-horizontal-slider","12":"ast-product-tabs-layout-horizontal","14":"first","15":"instock","16":"shipping-taxable","17":"purchasable","18":"product-type-simple"},"_links":{"self":[{"href":"https:\/\/baby-me.nl\/fr\/wp-json\/wp\/v2\/product\/1952","targetHints":{"allow":["GET"]}}],"collection":[{"href":"https:\/\/baby-me.nl\/fr\/wp-json\/wp\/v2\/product"}],"about":[{"href":"https:\/\/baby-me.nl\/fr\/wp-json\/wp\/v2\/types\/product"}],"replies":[{"embeddable":true,"href":"https:\/\/baby-me.nl\/fr\/wp-json\/wp\/v2\/comments?post=1952"}],"wp:featuredmedia":[{"embeddable":true,"href":"https:\/\/baby-me.nl\/fr\/wp-json\/wp\/v2\/media\/1899"}],"wp:attachment":[{"href":"https:\/\/baby-me.nl\/fr\/wp-json\/wp\/v2\/media?parent=1952"}],"wp:term":[{"taxonomy":"product_brand","embeddable":true,"href":"https:\/\/baby-me.nl\/fr\/wp-json\/wp\/v2\/product_brand?post=1952"},{"taxonomy":"product_cat","embeddable":true,"href":"https:\/\/baby-me.nl\/fr\/wp-json\/wp\/v2\/product_cat?post=1952"},{"taxonomy":"product_tag","embeddable":true,"href":"https:\/\/baby-me.nl\/fr\/wp-json\/wp\/v2\/product_tag?post=1952"}],"curies":[{"name":"wp","href":"https:\/\/api.w.org\/{rel}","templated":true}]}}