{"id":1953,"date":"2021-04-05T15:19:46","date_gmt":"2021-04-05T15:19:46","guid":{"rendered":"https:\/\/baby-me.nl\/product\/lansinoh-bouteille-en-verre-240ml\/"},"modified":"2025-04-13T17:25:44","modified_gmt":"2025-04-13T17:25:44","slug":"lansinoh-240-ml-glass-bottle","status":"publish","type":"product","link":"https:\/\/baby-me.nl\/fr\/produit\/lansinoh-240-ml-glass-bottle\/","title":{"rendered":"Biberons en verre avec t\u00e9tine Natural Wave\u00ae sp\u00e9cial allaitement"},"content":{"rendered":"<p>Le biberon Lansinoh\u00ae et sa t\u00e9tine p\u00e9ristaltique NaturalWave\u00ae sont sp\u00e9cialement con\u00e7us pour les b\u00e9b\u00e9s nourris au sein.<\/p>\n<p>M\u00eame en allaitement exclusif, tu peux de temps \u00e0 autre tirer ton lait afin que tu en aies toujours de disponible si tu dois t&rsquo;absenter, reprendre le travail ou si ton partenaire veut nourrir b\u00e9b\u00e9.<\/p>\n<p>Afin de passer facilement du sein au biberon et vice versa, et pour limiter la confusion sein\/t\u00e9tine, il est essentiel de choisir le bon biberon. Le biberon et la t\u00e9tine sp\u00e9ciale allaitement Lansinoh\u00ae NaturalWave\u00ae sont sp\u00e9cialement con\u00e7us pour que tu puisses continuer \u00e0 nourrir b\u00e9b\u00e9 m\u00eame si vous \u00eates s\u00e9par\u00e9s l&rsquo;un de l&rsquo;autre.<\/p>\n<p><strong>Un design unique<\/strong><br \/>\nUn design unique avec inclinaison progressive qui favorise le mouvement p\u00e9ristaltique fluide de la langue.<\/p>\n<p><strong>Souple et extensible<\/strong><br \/>\nLes bandes verticales renforcent la structure de la t\u00e9tine et lui permettent de r\u00e9sister aux mouvemnets de la langue tout en restant souple et agr\u00e9able pour le b\u00e9b\u00e9.<\/p>\n<p><strong>T\u00e9tine tr\u00e8s douce, 100% silicone<\/strong><br \/>\nLa base large et textur\u00e9e de la t\u00e9tine permet une prise facile et une succion efficace.<\/p>\n<p><strong>Syst\u00e8me AVS<\/strong><br \/>\nLe syst\u00e8me d&rsquo;Air Ventilation System\u00ae r\u00e9duit la quantit\u00e9 d&rsquo;air aval\u00e9, et r\u00e9duit ainsi l\u2019apparition de gaz et les sympt\u00f4mes couramment associ\u00e9s aux coliques fr\u00e9quentes des b\u00e9b\u00e9s.<\/p>\n<p><strong>Diff\u00e9rents d\u00e9bits<\/strong><br \/>\nLa t\u00e9tine existe en taille S (d\u00e9bit lent), taille M (d\u00e9bit moyen) ou taille L (d\u00e9bit rapide).<\/p>\n<p><strong>Carast\u00e9ristiques:<\/strong><\/p>\n<ul>\n<li>Volume : 240 ml<\/li>\n<li>Le verre \u00e9tant un mat\u00e9riau naturel, la bouteille ne contient aucune substance nocive. Le verre permet \u00e9galement au lait de se r\u00e9chauffer plus vite et de rester chaud plus longtemps.<\/li>\n<li>Couleur : violet et transparent<\/li>\n<li>T\u00e9tine : 100 % silicone<\/li>\n<li>Syst\u00e8me de ventilation de l&rsquo;air (AVS) : r\u00e9duit la prise d&rsquo;air chez le b\u00e9b\u00e9<\/li>\n<li>Facile \u00e0 assembler et \u00e0 nettoyer<\/li>\n<li>Compatible avec tous les produits Lansinoh<\/li>\n<li>Fournie avec la t\u00e9tine Natural Wave M<\/li>\n<li>La t\u00e9tine est aussi disponoble en taille S (petit d\u00e9bit) ou L (d\u00e9bit large)<\/li>\n<\/ul>\n","protected":false},"excerpt":{"rendered":"<p>Un biberon en verre avec une t\u00e9tine sp\u00e9ciale qui encourage la succion instinctive du b\u00e9b\u00e9. Convient d\u00e8s la naissance.<\/p>\n<p>&nbsp;<\/p>\n","protected":false},"featured_media":1897,"comment_status":"open","ping_status":"closed","template":"","meta":{"site-sidebar-layout":"default","site-content-layout":"default","ast-site-content-layout":"default","site-content-style":"default","site-sidebar-style":"default","ast-global-header-display":"","ast-banner-title-visibility":"","ast-main-header-display":"","ast-hfb-above-header-display":"","ast-hfb-below-header-display":"","ast-hfb-mobile-header-display":"","site-post-title":"","ast-breadcrumbs-content":"","ast-featured-img":"","footer-sml-layout":"","ast-disable-related-posts":"","theme-transparent-header-meta":"default","adv-header-id-meta":"","stick-header-meta":"default","header-above-stick-meta":"","header-main-stick-meta":"","header-below-stick-meta":"","astra-migrate-meta-layouts":"default","ast-page-background-enabled":"default","ast-page-background-meta":{"desktop":{"background-color":"","background-image":"","background-repeat":"repeat","background-position":"center center","background-size":"auto","background-attachment":"scroll","background-type":"","background-media":"","overlay-type":"","overlay-color":"","overlay-opacity":"","overlay-gradient":""},"tablet":{"background-color":"","background-image":"","background-repeat":"repeat","background-position":"center center","background-size":"auto","background-attachment":"scroll","background-type":"","background-media":"","overlay-type":"","overlay-color":"","overlay-opacity":"","overlay-gradient":""},"mobile":{"background-color":"","background-image":"","background-repeat":"repeat","background-position":"center center","background-size":"auto","background-attachment":"scroll","background-type":"","background-media":"","overlay-type":"","overlay-color":"","overlay-opacity":"","overlay-gradient":""}},"ast-content-background-meta":{"desktop":{"background-color":"var(--ast-global-color-5)","background-image":"","background-repeat":"repeat","background-position":"center center","background-size":"auto","background-attachment":"scroll","background-type":"","background-media":"","overlay-type":"","overlay-color":"","overlay-opacity":"","overlay-gradient":""},"tablet":{"background-color":"var(--ast-global-color-5)","background-image":"","background-repeat":"repeat","background-position":"center center","background-size":"auto","background-attachment":"scroll","background-type":"","background-media":"","overlay-type":"","overlay-color":"","overlay-opacity":"","overlay-gradient":""},"mobile":{"background-color":"var(--ast-global-color-5)","background-image":"","background-repeat":"repeat","background-position":"center center","background-size":"auto","background-attachment":"scroll","background-type":"","background-media":"","overlay-type":"","overlay-color":"","overlay-opacity":"","overlay-gradient":""}}},"product_brand":[],"product_cat":[62],"product_tag":[67],"class_list":{"0":"post-1953","1":"product","2":"type-product","3":"status-publish","4":"has-post-thumbnail","6":"product_cat-biberon","7":"product_tag-flacon-verre-lansinoh-240ml","8":"product_shipping_class-colis-postal-jusqua-10-kg","9":"desktop-align-left","10":"tablet-align-left","11":"mobile-align-left","12":"ast-product-gallery-layout-horizontal-slider","13":"ast-product-tabs-layout-horizontal","15":"first","16":"instock","17":"shipping-taxable","18":"purchasable","19":"product-type-simple"},"_links":{"self":[{"href":"https:\/\/baby-me.nl\/fr\/wp-json\/wp\/v2\/product\/1953","targetHints":{"allow":["GET"]}}],"collection":[{"href":"https:\/\/baby-me.nl\/fr\/wp-json\/wp\/v2\/product"}],"about":[{"href":"https:\/\/baby-me.nl\/fr\/wp-json\/wp\/v2\/types\/product"}],"replies":[{"embeddable":true,"href":"https:\/\/baby-me.nl\/fr\/wp-json\/wp\/v2\/comments?post=1953"}],"wp:featuredmedia":[{"embeddable":true,"href":"https:\/\/baby-me.nl\/fr\/wp-json\/wp\/v2\/media\/1897"}],"wp:attachment":[{"href":"https:\/\/baby-me.nl\/fr\/wp-json\/wp\/v2\/media?parent=1953"}],"wp:term":[{"taxonomy":"product_brand","embeddable":true,"href":"https:\/\/baby-me.nl\/fr\/wp-json\/wp\/v2\/product_brand?post=1953"},{"taxonomy":"product_cat","embeddable":true,"href":"https:\/\/baby-me.nl\/fr\/wp-json\/wp\/v2\/product_cat?post=1953"},{"taxonomy":"product_tag","embeddable":true,"href":"https:\/\/baby-me.nl\/fr\/wp-json\/wp\/v2\/product_tag?post=1953"}],"curies":[{"name":"wp","href":"https:\/\/api.w.org\/{rel}","templated":true}]}}