{"id":1954,"date":"2020-10-28T16:28:36","date_gmt":"2020-10-28T16:28:36","guid":{"rendered":"https:\/\/baby-me.nl\/product\/flacon-compact\/"},"modified":"2023-05-30T15:57:41","modified_gmt":"2023-05-30T15:57:41","slug":"flacon-compact","status":"publish","type":"product","link":"https:\/\/baby-me.nl\/fr\/produit\/flacon-compact\/","title":{"rendered":"Tire-lait \u00e9lectrique Compact"},"content":{"rendered":"<p>Avec sa petite taille et son poids ultra-l\u00e9ger, le tire-lait Compact de Lansinoh est id\u00e9al pour les mamans qui souhaitent tirer leur lait efficacement et discr\u00e8tement, \u00e0 la maison comme \u00e0 l&rsquo;ext\u00e9rieur.<\/p>\n<ul>\n<li>5 modes d&rsquo;expression pour un r\u00e9sultat optimal<\/li>\n<li>T\u00e9tine ComfortFit\u00ae en silicone extra-doux<\/li>\n<li>Super compact et l\u00e9ger<\/li>\n<li>Egalement utilisable sur piles, id\u00e9al en voyages<\/li>\n<li>Silencieux<\/li>\n<li>Facile \u00e0 nettoyer, \u00e0 assembler et \u00e0 utiliser<\/li>\n<li>Hygi\u00e8ne et s\u00e9curit\u00e9 garanties gr\u00e2ce \u00e0 un syst\u00e8me ferm\u00e9<\/li>\n<li>\u00c9quip\u00e9 d&rsquo;un indicateur LED pour indiquer les modes d&rsquo;expression<\/li>\n<li>Syst\u00e8me \u00e0 deux phases : la phase de stimulation et la phase d&rsquo;expression, ajustables \u00e0 tout moment.<\/li>\n<li>Sans BPA ni BPS<\/li>\n<li>Garantie 2 ans<\/li>\n<\/ul>\n","protected":false},"excerpt":{"rendered":"<p>Par sa taille et son poids ultra l\u00e9ger, le tire lait \u00e9lectrique Compact Lansinoh repr\u00e9sente l\u2019alli\u00e9 id\u00e9al des mamans qui doivent tirer leur lait en dehors de chez elle. Gr\u00e2ce \u00e0 son petit format, il se glisse partout et en toute discr\u00e9tion.<\/p>\n<p>&nbsp;<\/p>\n<p>&nbsp;<\/p>\n<p>&nbsp;<\/p>\n","protected":false},"featured_media":1904,"comment_status":"open","ping_status":"closed","template":"","meta":{"site-sidebar-layout":"default","site-content-layout":"default","ast-site-content-layout":"default","site-content-style":"default","site-sidebar-style":"default","ast-global-header-display":"","ast-banner-title-visibility":"","ast-main-header-display":"","ast-hfb-above-header-display":"","ast-hfb-below-header-display":"","ast-hfb-mobile-header-display":"","site-post-title":"","ast-breadcrumbs-content":"","ast-featured-img":"","footer-sml-layout":"","ast-disable-related-posts":"","theme-transparent-header-meta":"default","adv-header-id-meta":"","stick-header-meta":"default","header-above-stick-meta":"","header-main-stick-meta":"","header-below-stick-meta":"","astra-migrate-meta-layouts":"default","ast-page-background-enabled":"default","ast-page-background-meta":{"desktop":{"background-color":"","background-image":"","background-repeat":"repeat","background-position":"center center","background-size":"auto","background-attachment":"scroll","background-type":"","background-media":"","overlay-type":"","overlay-color":"","overlay-opacity":"","overlay-gradient":""},"tablet":{"background-color":"","background-image":"","background-repeat":"repeat","background-position":"center center","background-size":"auto","background-attachment":"scroll","background-type":"","background-media":"","overlay-type":"","overlay-color":"","overlay-opacity":"","overlay-gradient":""},"mobile":{"background-color":"","background-image":"","background-repeat":"repeat","background-position":"center center","background-size":"auto","background-attachment":"scroll","background-type":"","background-media":"","overlay-type":"","overlay-color":"","overlay-opacity":"","overlay-gradient":""}},"ast-content-background-meta":{"desktop":{"background-color":"var(--ast-global-color-5)","background-image":"","background-repeat":"repeat","background-position":"center center","background-size":"auto","background-attachment":"scroll","background-type":"","background-media":"","overlay-type":"","overlay-color":"","overlay-opacity":"","overlay-gradient":""},"tablet":{"background-color":"var(--ast-global-color-5)","background-image":"","background-repeat":"repeat","background-position":"center center","background-size":"auto","background-attachment":"scroll","background-type":"","background-media":"","overlay-type":"","overlay-color":"","overlay-opacity":"","overlay-gradient":""},"mobile":{"background-color":"var(--ast-global-color-5)","background-image":"","background-repeat":"repeat","background-position":"center center","background-size":"auto","background-attachment":"scroll","background-type":"","background-media":"","overlay-type":"","overlay-color":"","overlay-opacity":"","overlay-gradient":""}}},"product_brand":[],"product_cat":[59],"product_tag":[65],"class_list":{"0":"post-1954","1":"product","2":"type-product","3":"status-publish","4":"has-post-thumbnail","6":"product_cat-allaitement","7":"product_tag-flacon-electrique-simple-compact-lansinoh","8":"product_shipping_class-colis-postal-jusqua-10-kg","9":"desktop-align-left","10":"tablet-align-left","11":"mobile-align-left","12":"ast-product-gallery-layout-horizontal-slider","13":"ast-product-tabs-layout-horizontal","15":"first","16":"outofstock","17":"shipping-taxable","18":"purchasable","19":"product-type-simple"},"_links":{"self":[{"href":"https:\/\/baby-me.nl\/fr\/wp-json\/wp\/v2\/product\/1954","targetHints":{"allow":["GET"]}}],"collection":[{"href":"https:\/\/baby-me.nl\/fr\/wp-json\/wp\/v2\/product"}],"about":[{"href":"https:\/\/baby-me.nl\/fr\/wp-json\/wp\/v2\/types\/product"}],"replies":[{"embeddable":true,"href":"https:\/\/baby-me.nl\/fr\/wp-json\/wp\/v2\/comments?post=1954"}],"wp:featuredmedia":[{"embeddable":true,"href":"https:\/\/baby-me.nl\/fr\/wp-json\/wp\/v2\/media\/1904"}],"wp:attachment":[{"href":"https:\/\/baby-me.nl\/fr\/wp-json\/wp\/v2\/media?parent=1954"}],"wp:term":[{"taxonomy":"product_brand","embeddable":true,"href":"https:\/\/baby-me.nl\/fr\/wp-json\/wp\/v2\/product_brand?post=1954"},{"taxonomy":"product_cat","embeddable":true,"href":"https:\/\/baby-me.nl\/fr\/wp-json\/wp\/v2\/product_cat?post=1954"},{"taxonomy":"product_tag","embeddable":true,"href":"https:\/\/baby-me.nl\/fr\/wp-json\/wp\/v2\/product_tag?post=1954"}],"curies":[{"name":"wp","href":"https:\/\/api.w.org\/{rel}","templated":true}]}}