{"id":1955,"date":"2020-10-28T16:28:34","date_gmt":"2020-10-28T16:28:34","guid":{"rendered":"https:\/\/baby-me.nl\/product\/flacon-electrique-double\/"},"modified":"2023-05-30T16:21:15","modified_gmt":"2023-05-30T16:21:15","slug":"double-cob-electrique","status":"publish","type":"product","link":"https:\/\/baby-me.nl\/fr\/produit\/double-cob-electrique\/","title":{"rendered":"Tire-lait \u00e9lectrique double 2 en 1"},"content":{"rendered":"<p>Le tire-lait \u00e9lectrique double 2 en 1 de Lansinoh est le choix ultime pour les mamans qui veulent tirer leur lait efficacement et rapidement, o\u00f9 qu&rsquo;elles soient. Le dispositif peut \u00eatre utilis\u00e9 en fonction simple ou double, id\u00e9al dans toutes les situations. Gr\u00e2ce \u00e0 sa l\u00e9g\u00e8ret\u00e9 et \u00e0 sa petite taille, le tire-lait peut \u00eatre emport\u00e9 partout et discr\u00e8tement.<\/p>\n<ul>\n<li>Sans BPA ni BPS<\/li>\n<li>Peut \u00eatre utilis\u00e9 en mode simple ou double<\/li>\n<li>Un r\u00e9sultat optimal ; plus de lait en moins de temps<\/li>\n<li>Facile \u00e0 assembler<\/li>\n<li>Hygi\u00e8ne et s\u00e9curit\u00e9 garanties gr\u00e2ce \u00e0 un syst\u00e8me ferm\u00e9 (pas de lait dans les tuyaux)<\/li>\n<li>3 modes d&rsquo;expression pour un choix personnalis\u00e9<\/li>\n<li>Syst\u00e8me \u00e0 2 phases : la phase de stimulation (phase 1: petites mouvements rapides pour stimuler le r\u00e9flexe d&rsquo;\u00e9jection) et la phase d&rsquo;expression (phase 2: mouvements de succion profonds pour optimaliser l&rsquo;\u00e9coulement du lait.<\/li>\n<li>Touche \u00ab\u00a0Let down\u00a0\u00bb, pour passer facilement de la phase de stimulation \u00e0 la phase d&rsquo;expression<\/li>\n<li>A utiliser sur secteur ou avec des piles (6 piles AA, non incluses)<\/li>\n<li>T\u00e9terelles ComfortFi, pour un ajustement confortable et parfait, fournies en deux tailles (25mm et 30,5mm)<\/li>\n<li>Compact, l\u00e9ger et facile \u00e0 utiliser<\/li>\n<li>Grand \u00e9cran LCD, facile \u00e0 lire en cas de faible luminosit\u00e9<\/li>\n<\/ul>\n","protected":false},"excerpt":{"rendered":"<p>Le tire-lait \u00e9lectrique 2 en 1 de Lansinoh est la solution parfaite pour les mamans qui recherchent une efficacit\u00e9, un confort et une flexibilit\u00e9 \u00e0 toute \u00e9preuve.<\/p>\n<p>&nbsp;<\/p>\n<p>&nbsp;<\/p>\n","protected":false},"featured_media":2336,"comment_status":"open","ping_status":"closed","template":"","meta":{"site-sidebar-layout":"default","site-content-layout":"default","ast-site-content-layout":"default","site-content-style":"default","site-sidebar-style":"default","ast-global-header-display":"","ast-banner-title-visibility":"","ast-main-header-display":"","ast-hfb-above-header-display":"","ast-hfb-below-header-display":"","ast-hfb-mobile-header-display":"","site-post-title":"","ast-breadcrumbs-content":"","ast-featured-img":"","footer-sml-layout":"","ast-disable-related-posts":"","theme-transparent-header-meta":"default","adv-header-id-meta":"","stick-header-meta":"default","header-above-stick-meta":"","header-main-stick-meta":"","header-below-stick-meta":"","astra-migrate-meta-layouts":"default","ast-page-background-enabled":"default","ast-page-background-meta":{"desktop":{"background-color":"","background-image":"","background-repeat":"repeat","background-position":"center center","background-size":"auto","background-attachment":"scroll","background-type":"","background-media":"","overlay-type":"","overlay-color":"","overlay-opacity":"","overlay-gradient":""},"tablet":{"background-color":"","background-image":"","background-repeat":"repeat","background-position":"center center","background-size":"auto","background-attachment":"scroll","background-type":"","background-media":"","overlay-type":"","overlay-color":"","overlay-opacity":"","overlay-gradient":""},"mobile":{"background-color":"","background-image":"","background-repeat":"repeat","background-position":"center center","background-size":"auto","background-attachment":"scroll","background-type":"","background-media":"","overlay-type":"","overlay-color":"","overlay-opacity":"","overlay-gradient":""}},"ast-content-background-meta":{"desktop":{"background-color":"var(--ast-global-color-5)","background-image":"","background-repeat":"repeat","background-position":"center center","background-size":"auto","background-attachment":"scroll","background-type":"","background-media":"","overlay-type":"","overlay-color":"","overlay-opacity":"","overlay-gradient":""},"tablet":{"background-color":"var(--ast-global-color-5)","background-image":"","background-repeat":"repeat","background-position":"center center","background-size":"auto","background-attachment":"scroll","background-type":"","background-media":"","overlay-type":"","overlay-color":"","overlay-opacity":"","overlay-gradient":""},"mobile":{"background-color":"var(--ast-global-color-5)","background-image":"","background-repeat":"repeat","background-position":"center center","background-size":"auto","background-attachment":"scroll","background-type":"","background-media":"","overlay-type":"","overlay-color":"","overlay-opacity":"","overlay-gradient":""}}},"product_brand":[],"product_cat":[59],"product_tag":[76],"class_list":{"0":"post-1955","1":"product","2":"type-product","3":"status-publish","4":"has-post-thumbnail","6":"product_cat-allaitement","7":"product_tag-double-flacon-electrique","8":"product_shipping_class-colis-postal-jusqua-10-kg","9":"desktop-align-left","10":"tablet-align-left","11":"mobile-align-left","12":"ast-product-gallery-layout-horizontal-slider","13":"ast-product-tabs-layout-horizontal","15":"first","16":"outofstock","17":"shipping-taxable","18":"purchasable","19":"product-type-simple"},"_links":{"self":[{"href":"https:\/\/baby-me.nl\/fr\/wp-json\/wp\/v2\/product\/1955","targetHints":{"allow":["GET"]}}],"collection":[{"href":"https:\/\/baby-me.nl\/fr\/wp-json\/wp\/v2\/product"}],"about":[{"href":"https:\/\/baby-me.nl\/fr\/wp-json\/wp\/v2\/types\/product"}],"replies":[{"embeddable":true,"href":"https:\/\/baby-me.nl\/fr\/wp-json\/wp\/v2\/comments?post=1955"}],"wp:featuredmedia":[{"embeddable":true,"href":"https:\/\/baby-me.nl\/fr\/wp-json\/wp\/v2\/media\/2336"}],"wp:attachment":[{"href":"https:\/\/baby-me.nl\/fr\/wp-json\/wp\/v2\/media?parent=1955"}],"wp:term":[{"taxonomy":"product_brand","embeddable":true,"href":"https:\/\/baby-me.nl\/fr\/wp-json\/wp\/v2\/product_brand?post=1955"},{"taxonomy":"product_cat","embeddable":true,"href":"https:\/\/baby-me.nl\/fr\/wp-json\/wp\/v2\/product_cat?post=1955"},{"taxonomy":"product_tag","embeddable":true,"href":"https:\/\/baby-me.nl\/fr\/wp-json\/wp\/v2\/product_tag?post=1955"}],"curies":[{"name":"wp","href":"https:\/\/api.w.org\/{rel}","templated":true}]}}