{"id":1960,"date":"2020-10-28T16:23:49","date_gmt":"2020-10-28T16:23:49","guid":{"rendered":"https:\/\/baby-me.nl\/product\/lanoline-40-ml\/"},"modified":"2023-05-31T11:28:34","modified_gmt":"2023-05-31T11:28:34","slug":"lanoline-40-ml","status":"publish","type":"product","link":"https:\/\/baby-me.nl\/fr\/produit\/lanoline-40-ml\/","title":{"rendered":"Cr\u00e8me Lanoline HPA 40 ml"},"content":{"rendered":"<p>Les mamelons sensibles sont fr\u00e9quents lors de l&rsquo;allaitement et r\u00e9sultent g\u00e9n\u00e9ralement d&rsquo;une mauvaise position du b\u00e9b\u00e9 au sein. Il est important d&rsquo;y porter attention au plus vite et d&rsquo;utiliser de la lanoline pour soulager la douleur.<\/p>\n<p>L&rsquo;application de la lanoline HPA permet une cicatrisation optimale en cr\u00e9ant un film protecteur contre l\u2019humidit\u00e9 de sorte que la peau est r\u00e9hydrat\u00e9e de l&rsquo;int\u00e9rieur et acc\u00e9l\u00e8re ainsi la cicatrisation sans formation de cro\u00fbte. Un autre avantage de la gu\u00e9rison de la plaie humide est un soulagement imm\u00e9diat de la douleur.<\/p>\n<p>La cr\u00e8me Lansinoh est \u00e0 base de 100% lanoline et rien d\u2019autre : pas d&rsquo;antioxydants, de produits chimiques, de conservateurs ou autres additifs. 100% naturelle et totalement hypoallerg\u00e9nique, la cr\u00e8me n&rsquo;a pas besoin d&rsquo;\u00eatre retir\u00e9e avant d&rsquo;allaiter. Elle n&rsquo;a pas de go\u00fbt, de couleur ou de parfum, un atout important qui contribue \u00e0 la r\u00e9ussite de l&rsquo;allaitement maternel.<\/p>\n<p>La cr\u00e8me lanoline HPA Lansinoh est le seul produit de lanoline et la seule cr\u00e8me de protection pour mamelons \u00e0 avoir re\u00e7u le label British Allergy Foundation of Approval.<\/p>\n<p>Elle peut \u00eatre utilis\u00e9e pour les autres affections de la peau comme les d\u00e9mangeaisons, l&rsquo;\u00e9ryth\u00e8me fessier, les cro\u00fbtes, des br\u00fblures, des \u00e9corchures, des dartres ou encore comme un baume \u00e0 l\u00e8vres tr\u00e8s hydratant. Fabriqu\u00e9e en Nouvelle Z\u00e9lande.<\/p>\n<p><strong>Carast\u00e9ristiques:<\/strong><\/p>\n<ul>\n<li>Sans BPA ni BPS<\/li>\n<li>Aide \u00e0 apaiser les mamelons sensibles<\/li>\n<li>100% naturelle<\/li>\n<li>Sans additifs, conservateurs ou produits chimiques<\/li>\n<li>Il n&rsquo;est pas n\u00e9cessaire de nettoyer le mamelon avant la t\u00eat\u00e9e<\/li>\n<li>Sans parab\u00e8ne et hypoallerg\u00e9nique<\/li>\n<li>Sans go\u00fbt, ni couleur, ni odeur ; sans danger pour les b\u00e9b\u00e9s allait\u00e9s.<\/li>\n<\/ul>\n<p>&nbsp;<\/p>\n<p>&nbsp;<\/p>\n<p>&nbsp;<\/p>\n<p>&nbsp;<\/p>\n<p>&nbsp;<\/p>\n<p>&nbsp;<\/p>\n<p>&nbsp;<\/p>\n<p>&nbsp;<\/p>\n<p>&nbsp;<\/p>\n<p>&nbsp;<\/p>\n<p>&nbsp;<\/p>\n<p>&nbsp;<\/p>\n<p>&nbsp;<\/p>\n<p>&nbsp;<\/p>\n<p>&nbsp;<\/p>\n","protected":false},"excerpt":{"rendered":"<p>La cr\u00e8me lanoline HPA de Lansinoh permet d&rsquo;apaiser et de prot\u00e9ger les mamelons douloureux et fissur\u00e9s. Elle offre un soulagement indispensable pour les mamans qui allaitent.<\/p>\n","protected":false},"featured_media":1907,"comment_status":"open","ping_status":"closed","template":"","meta":{"site-sidebar-layout":"default","site-content-layout":"default","ast-site-content-layout":"default","site-content-style":"default","site-sidebar-style":"default","ast-global-header-display":"","ast-banner-title-visibility":"","ast-main-header-display":"","ast-hfb-above-header-display":"","ast-hfb-below-header-display":"","ast-hfb-mobile-header-display":"","site-post-title":"","ast-breadcrumbs-content":"","ast-featured-img":"","footer-sml-layout":"","ast-disable-related-posts":"","theme-transparent-header-meta":"default","adv-header-id-meta":"","stick-header-meta":"default","header-above-stick-meta":"","header-main-stick-meta":"","header-below-stick-meta":"","astra-migrate-meta-layouts":"default","ast-page-background-enabled":"default","ast-page-background-meta":{"desktop":{"background-color":"","background-image":"","background-repeat":"repeat","background-position":"center center","background-size":"auto","background-attachment":"scroll","background-type":"","background-media":"","overlay-type":"","overlay-color":"","overlay-opacity":"","overlay-gradient":""},"tablet":{"background-color":"","background-image":"","background-repeat":"repeat","background-position":"center center","background-size":"auto","background-attachment":"scroll","background-type":"","background-media":"","overlay-type":"","overlay-color":"","overlay-opacity":"","overlay-gradient":""},"mobile":{"background-color":"","background-image":"","background-repeat":"repeat","background-position":"center center","background-size":"auto","background-attachment":"scroll","background-type":"","background-media":"","overlay-type":"","overlay-color":"","overlay-opacity":"","overlay-gradient":""}},"ast-content-background-meta":{"desktop":{"background-color":"var(--ast-global-color-5)","background-image":"","background-repeat":"repeat","background-position":"center center","background-size":"auto","background-attachment":"scroll","background-type":"","background-media":"","overlay-type":"","overlay-color":"","overlay-opacity":"","overlay-gradient":""},"tablet":{"background-color":"var(--ast-global-color-5)","background-image":"","background-repeat":"repeat","background-position":"center center","background-size":"auto","background-attachment":"scroll","background-type":"","background-media":"","overlay-type":"","overlay-color":"","overlay-opacity":"","overlay-gradient":""},"mobile":{"background-color":"var(--ast-global-color-5)","background-image":"","background-repeat":"repeat","background-position":"center center","background-size":"auto","background-attachment":"scroll","background-type":"","background-media":"","overlay-type":"","overlay-color":"","overlay-opacity":"","overlay-gradient":""}}},"product_brand":[],"product_cat":[60,61],"product_tag":[81,72,83],"class_list":{"0":"post-1960","1":"product","2":"type-product","3":"status-publish","4":"has-post-thumbnail","6":"product_cat-produits-de-soin","7":"product_cat-produits-de-soins-maternels","8":"product_tag-creme-pour-mamelons","9":"product_tag-lanoline-fr","10":"product_tag-pommade-pour-mamelons","11":"product_shipping_class-colis-postal-jusqua-10-kg","12":"desktop-align-left","13":"tablet-align-left","14":"mobile-align-left","15":"ast-product-gallery-layout-horizontal-slider","16":"ast-product-tabs-layout-horizontal","18":"first","19":"outofstock","20":"shipping-taxable","21":"purchasable","22":"product-type-simple"},"_links":{"self":[{"href":"https:\/\/baby-me.nl\/fr\/wp-json\/wp\/v2\/product\/1960","targetHints":{"allow":["GET"]}}],"collection":[{"href":"https:\/\/baby-me.nl\/fr\/wp-json\/wp\/v2\/product"}],"about":[{"href":"https:\/\/baby-me.nl\/fr\/wp-json\/wp\/v2\/types\/product"}],"replies":[{"embeddable":true,"href":"https:\/\/baby-me.nl\/fr\/wp-json\/wp\/v2\/comments?post=1960"}],"wp:featuredmedia":[{"embeddable":true,"href":"https:\/\/baby-me.nl\/fr\/wp-json\/wp\/v2\/media\/1907"}],"wp:attachment":[{"href":"https:\/\/baby-me.nl\/fr\/wp-json\/wp\/v2\/media?parent=1960"}],"wp:term":[{"taxonomy":"product_brand","embeddable":true,"href":"https:\/\/baby-me.nl\/fr\/wp-json\/wp\/v2\/product_brand?post=1960"},{"taxonomy":"product_cat","embeddable":true,"href":"https:\/\/baby-me.nl\/fr\/wp-json\/wp\/v2\/product_cat?post=1960"},{"taxonomy":"product_tag","embeddable":true,"href":"https:\/\/baby-me.nl\/fr\/wp-json\/wp\/v2\/product_tag?post=1960"}],"curies":[{"name":"wp","href":"https:\/\/api.w.org\/{rel}","templated":true}]}}