{"id":1961,"date":"2020-10-28T16:23:14","date_gmt":"2020-10-28T16:23:14","guid":{"rendered":"https:\/\/baby-me.nl\/product\/capuchons-de-mamelons-24mm\/"},"modified":"2023-05-31T11:33:50","modified_gmt":"2023-05-31T11:33:50","slug":"capuchons-de-tetines-24mm","status":"publish","type":"product","link":"https:\/\/baby-me.nl\/fr\/produit\/capuchons-de-tetines-24mm\/","title":{"rendered":"Bouts de sein 24mm"},"content":{"rendered":"<p>Votre enfant a du mal \u00e0 prendre le sein?<\/p>\n<p>Vous avez peut-\u00eatre des mamelons plats ou ombiliqu\u00e9s ou bien votre enfant pr\u00e9sente un frein linguial ou labial. Parlez-en avec votre consultante en lactation.<\/p>\n<p>En attendant, gr\u00e2ce \u00e0 la finesse de sa silicone et sa d\u00e9coupe \u00e9tudi\u00e9e pour maintenir le contact peau \u00e0 peau, les bouts de sein Lansinoh vous aideront \u00e0 mettre votre enfant au sein sans pour autant perdre les b\u00e9n\u00e9fices du contact de l\u2019allaitement en peau \u00e0 peau.<\/p>\n<p>Votre enfant est pr\u00e9matur\u00e9 ? Le bout de sein en silicone pourra l&rsquo;aider \u00e0 prendre le sein plus facilement si il n&rsquo;y arrive pas.<\/p>\n<p>Tous les mod\u00e8les de bout de sein sont diff\u00e9rents et existent en plusieurs tailles. Il est important que le bout de sein soit adapt\u00e9 \u00e0 la taille du mamelon. Celle-ci peut \u00eatre mesur\u00e9e juste apr\u00e8s la t\u00e9t\u00e9e ou apr\u00e8s avoir tir\u00e9 son lait.<\/p>\n<p>&nbsp;<\/p>\n","protected":false},"excerpt":{"rendered":"<p>Les bouts de sein Contact Lansinoh favorise la mise au sein de b\u00e9b\u00e9 tout en maintenant le contact peau \u00e0 peau.<\/p>\n","protected":false},"featured_media":1901,"comment_status":"open","ping_status":"closed","template":"","meta":{"site-sidebar-layout":"default","site-content-layout":"default","ast-site-content-layout":"default","site-content-style":"default","site-sidebar-style":"default","ast-global-header-display":"","ast-banner-title-visibility":"","ast-main-header-display":"","ast-hfb-above-header-display":"","ast-hfb-below-header-display":"","ast-hfb-mobile-header-display":"","site-post-title":"","ast-breadcrumbs-content":"","ast-featured-img":"","footer-sml-layout":"","ast-disable-related-posts":"","theme-transparent-header-meta":"default","adv-header-id-meta":"","stick-header-meta":"default","header-above-stick-meta":"","header-main-stick-meta":"","header-below-stick-meta":"","astra-migrate-meta-layouts":"default","ast-page-background-enabled":"default","ast-page-background-meta":{"desktop":{"background-color":"","background-image":"","background-repeat":"repeat","background-position":"center center","background-size":"auto","background-attachment":"scroll","background-type":"","background-media":"","overlay-type":"","overlay-color":"","overlay-opacity":"","overlay-gradient":""},"tablet":{"background-color":"","background-image":"","background-repeat":"repeat","background-position":"center center","background-size":"auto","background-attachment":"scroll","background-type":"","background-media":"","overlay-type":"","overlay-color":"","overlay-opacity":"","overlay-gradient":""},"mobile":{"background-color":"","background-image":"","background-repeat":"repeat","background-position":"center center","background-size":"auto","background-attachment":"scroll","background-type":"","background-media":"","overlay-type":"","overlay-color":"","overlay-opacity":"","overlay-gradient":""}},"ast-content-background-meta":{"desktop":{"background-color":"var(--ast-global-color-5)","background-image":"","background-repeat":"repeat","background-position":"center center","background-size":"auto","background-attachment":"scroll","background-type":"","background-media":"","overlay-type":"","overlay-color":"","overlay-opacity":"","overlay-gradient":""},"tablet":{"background-color":"var(--ast-global-color-5)","background-image":"","background-repeat":"repeat","background-position":"center center","background-size":"auto","background-attachment":"scroll","background-type":"","background-media":"","overlay-type":"","overlay-color":"","overlay-opacity":"","overlay-gradient":""},"mobile":{"background-color":"var(--ast-global-color-5)","background-image":"","background-repeat":"repeat","background-position":"center center","background-size":"auto","background-attachment":"scroll","background-type":"","background-media":"","overlay-type":"","overlay-color":"","overlay-opacity":"","overlay-gradient":""}}},"product_brand":[],"product_cat":[59],"product_tag":[84],"class_list":{"0":"post-1961","1":"product","2":"type-product","3":"status-publish","4":"has-post-thumbnail","6":"product_cat-allaitement","7":"product_tag-capuchons-de-mamelons","8":"product_shipping_class-colis-postal-jusqua-10-kg","9":"desktop-align-left","10":"tablet-align-left","11":"mobile-align-left","12":"ast-product-gallery-layout-horizontal-slider","13":"ast-product-tabs-layout-horizontal","15":"first","16":"outofstock","17":"shipping-taxable","18":"purchasable","19":"product-type-simple"},"_links":{"self":[{"href":"https:\/\/baby-me.nl\/fr\/wp-json\/wp\/v2\/product\/1961","targetHints":{"allow":["GET"]}}],"collection":[{"href":"https:\/\/baby-me.nl\/fr\/wp-json\/wp\/v2\/product"}],"about":[{"href":"https:\/\/baby-me.nl\/fr\/wp-json\/wp\/v2\/types\/product"}],"replies":[{"embeddable":true,"href":"https:\/\/baby-me.nl\/fr\/wp-json\/wp\/v2\/comments?post=1961"}],"wp:featuredmedia":[{"embeddable":true,"href":"https:\/\/baby-me.nl\/fr\/wp-json\/wp\/v2\/media\/1901"}],"wp:attachment":[{"href":"https:\/\/baby-me.nl\/fr\/wp-json\/wp\/v2\/media?parent=1961"}],"wp:term":[{"taxonomy":"product_brand","embeddable":true,"href":"https:\/\/baby-me.nl\/fr\/wp-json\/wp\/v2\/product_brand?post=1961"},{"taxonomy":"product_cat","embeddable":true,"href":"https:\/\/baby-me.nl\/fr\/wp-json\/wp\/v2\/product_cat?post=1961"},{"taxonomy":"product_tag","embeddable":true,"href":"https:\/\/baby-me.nl\/fr\/wp-json\/wp\/v2\/product_tag?post=1961"}],"curies":[{"name":"wp","href":"https:\/\/api.w.org\/{rel}","templated":true}]}}